{"id":171,"date":"2024-11-13T15:10:11","date_gmt":"2024-11-13T15:10:11","guid":{"rendered":"https:\/\/www.arifefendi.net\/acerca-de\/"},"modified":"2025-01-31T12:22:42","modified_gmt":"2025-01-31T12:22:42","slug":"acerca-de","status":"publish","type":"page","link":"https:\/\/www.arifefendi.net\/es\/acerca-de\/","title":{"rendered":"Acerca de"},"content":{"rendered":"<p>[et_pb_section fb_built=\u00bb1&#8243; _builder_version=\u00bb4.27.3&#8243; _module_preset=\u00bbdefault\u00bb background_color=\u00bb#e2e2e2&#8243; custom_padding=\u00bb100px||100px||true|false\u00bb locked=\u00bboff\u00bb global_colors_info=\u00bb{}\u00bb][et_pb_row column_structure=\u00bb2_3,1_3&#8243; _builder_version=\u00bb4.21.0&#8243; _module_preset=\u00bbdefault\u00bb global_colors_info=\u00bb{}\u00bb][et_pb_column type=\u00bb2_3&#8243; _builder_version=\u00bb4.21.0&#8243; _module_preset=\u00bbdefault\u00bb global_colors_info=\u00bb{}\u00bb][et_pb_text _builder_version=\u00bb4.27.3&#8243; _module_preset=\u00bbdefault\u00bb global_colors_info=\u00bb{}\u00bb]<\/p>\n<h1>Acerca de Arif Efendi | L\u00edder empresarial, fil\u00e1ntropo e inversor<\/h1>\n<p>[\/et_pb_text][et_pb_text _builder_version=\u00bb4.21.0&#8243; _module_preset=\u00bbdefault\u00bb global_colors_info=\u00bb{}\u00bb]<\/p>\n<p>Arif Efendi es un l\u00edder empresarial, inversor y fil\u00e1ntropo que creci\u00f3 en Estados Unidos y actualmente vive en el Reino Unido. A lo largo de una carrera de 15 a\u00f1os, ha trabajado en diversos roles, incluyendo puestos de alta direcci\u00f3n, en el Reino Unido, Estados Unidos y Europa. He has spent time working in the UK, US and Europe in positions at all levels up to and including senior management roles, in a career spanning 15 years. <\/p>\n<p>[\/et_pb_text][et_pb_button button_url=\u00bb#education-and-career\u00bb button_text=\u00bbEducaci\u00f3n e historial profesional\u00bb _builder_version=\u00bb4.27.3&#8243; _module_preset=\u00bbdefault\u00bb global_colors_info=\u00bb{}\u00bb][\/et_pb_button][\/et_pb_column][et_pb_column type=\u00bb1_3&#8243; _builder_version=\u00bb4.21.0&#8243; _module_preset=\u00bbdefault\u00bb global_colors_info=\u00bb{}\u00bb][et_pb_image src=\u00bbhttps:\/\/www.arifefendi.net\/wp-content\/uploads\/2024\/11\/Arif-Efendi-Profile-Picture.jpg\u00bb alt=\u00bbArif Efendi\u00bb title_text=\u00bbmt-sample-background\u00bb align=\u00bbcenter\u00bb _builder_version=\u00bb4.27.3&#8243; _module_preset=\u00bbdefault\u00bb width=\u00bb80%\u00bb border_radii=\u00bbon|25px|25px|25px|25px\u00bb global_colors_info=\u00bb{}\u00bb][\/et_pb_image][et_pb_social_media_follow _builder_version=\u00bb4.27.3&#8243; _module_preset=\u00bbdefault\u00bb text_orientation=\u00bbcenter\u00bb global_colors_info=\u00bb{}\u00bb][et_pb_social_media_follow_network social_network=\u00bbfacebook\u00bb url=\u00bbhttps:\/\/www.facebook.com\/ArifEfendi01&#8243; _builder_version=\u00bb4.27.3&#8243; _module_preset=\u00bbdefault\u00bb background_color=\u00bb#000000&#8243; background_enable_color=\u00bbon\u00bb custom_button=\u00bbon\u00bb button_text_color=\u00bb#e2e2e2&#8243; global_colors_info=\u00bb{}\u00bb follow_button=\u00bboff\u00bb url_new_window=\u00bbon\u00bb]facebook[\/et_pb_social_media_follow_network][et_pb_social_media_follow_network social_network=\u00bbtwitter\u00bb url=\u00bbhttps:\/\/x.com\/ArifOUO\u00bb _builder_version=\u00bb4.27.3&#8243; _module_preset=\u00bbdefault\u00bb background_color=\u00bb#000000&#8243; custom_button=\u00bbon\u00bb button_text_color=\u00bb#e2e2e2&#8243; global_colors_info=\u00bb{}\u00bb follow_button=\u00bboff\u00bb url_new_window=\u00bbon\u00bb]X[\/et_pb_social_media_follow_network][et_pb_social_media_follow_network social_network=\u00bbinstagram\u00bb url=\u00bbhttps:\/\/www.instagram.com\/arifefendi_uk\/\u00bb _builder_version=\u00bb4.27.3&#8243; _module_preset=\u00bbdefault\u00bb background_color=\u00bb#000000&#8243; background_enable_color=\u00bbon\u00bb custom_button=\u00bbon\u00bb button_text_color=\u00bb#e2e2e2&#8243; global_colors_info=\u00bb{}\u00bb follow_button=\u00bboff\u00bb url_new_window=\u00bbon\u00bb]instagram[\/et_pb_social_media_follow_network][et_pb_social_media_follow_network social_network=\u00bblinkedin\u00bb url=\u00bbhttps:\/\/uk.linkedin.com\/in\/arif-efendi-4a128a3a%20&#8243; _builder_version=\u00bb4.27.3&#8243; _module_preset=\u00bbdefault\u00bb background_color=\u00bb#000000&#8243; background_enable_color=\u00bbon\u00bb global_colors_info=\u00bb{}\u00bb follow_button=\u00bboff\u00bb url_new_window=\u00bbon\u00bb]linkedin[\/et_pb_social_media_follow_network][et_pb_social_media_follow_network social_network=\u00bbmedium\u00bb url=\u00bbhttps:\/\/medium.com\/@Arif-Efendi\u00bb _builder_version=\u00bb4.27.3&#8243; _module_preset=\u00bbdefault\u00bb background_color=\u00bb#000000&#8243; background_enable_color=\u00bbon\u00bb custom_button=\u00bbon\u00bb button_text_color=\u00bb#e2e2e2&#8243; global_colors_info=\u00bb{}\u00bb follow_button=\u00bboff\u00bb url_new_window=\u00bbon\u00bb]medium[\/et_pb_social_media_follow_network][et_pb_social_media_follow_network social_network=\u00bbyoutube\u00bb url=\u00bbhttps:\/\/www.youtube.com\/channel\/UCjv_-Xt7YA3ekQAnoDxdJXA\u00bb _builder_version=\u00bb4.27.3&#8243; _module_preset=\u00bbdefault\u00bb background_color=\u00bb#000000&#8243; background_enable_color=\u00bbon\u00bb custom_button=\u00bbon\u00bb button_text_color=\u00bb#e2e2e2&#8243; global_colors_info=\u00bb{}\u00bb follow_button=\u00bboff\u00bb url_new_window=\u00bbon\u00bb]youtube[\/et_pb_social_media_follow_network][\/et_pb_social_media_follow][\/et_pb_column][\/et_pb_row][\/et_pb_section][et_pb_section fb_built=\u00bb1&#8243; _builder_version=\u00bb4.27.3&#8243; _module_preset=\u00bbdefault\u00bb background_color=\u00bb#000000&#8243; custom_padding=\u00bb100px||100px||true|false\u00bb locked=\u00bboff\u00bb global_colors_info=\u00bb{}\u00bb][et_pb_row column_structure=\u00bb3_5,2_5&#8243; _builder_version=\u00bb4.27.0&#8243; _module_preset=\u00bbdefault\u00bb global_colors_info=\u00bb{}\u00bb][et_pb_column type=\u00bb3_5&#8243; _builder_version=\u00bb4.21.0&#8243; _module_preset=\u00bbdefault\u00bb global_colors_info=\u00bb{}\u00bb][et_pb_text module_id=\u00bbeducation-and-career\u00bb _builder_version=\u00bb4.27.3&#8243; _module_preset=\u00bbdefault\u00bb header_text_color=\u00bb#e2e2e2&#8243; header_2_text_color=\u00bb#e2e2e2&#8243; scroll_horizontal_motion=\u00bb0|15|15|100|4|0|0&#8243; scroll_fade=\u00bb0|30|30|100|0|100|100&#8243; global_colors_info=\u00bb{}\u00bb]<\/p>\n<h2>Education &amp; Early Career History<\/h2>\n<p>[\/et_pb_text][et_pb_text _builder_version=\u00bb4.27.3&#8243; _module_preset=\u00bbdefault\u00bb text_text_color=\u00bb#e2e2e2&#8243; scroll_horizontal_motion=\u00bb0|15|15|100|4|0|0&#8243; scroll_fade=\u00bb0|30|30|100|0|100|100&#8243; global_colors_info=\u00bb{}\u00bb]<\/p>\n<p>En 2009, obtuvo su licenciatura en Administraci\u00f3n de Empresas (BBA) en la Universidad de Norwich, la universidad militar privada m\u00e1s antigua de Estados Unidos. En agosto de 2010, comenz\u00f3 su carrera en el sector financiero y bancario trabajando en Standard Bank, un banco de inversi\u00f3n centrado en mercados emergentes en \u00c1frica. Durante casi un a\u00f1o, form\u00f3 parte del equipo de Mercados Globales, espec\u00edficamente en el \u00e1rea de acciones africanas. Here, he worked on the African Equities desk within the Global Markets team, spending almost a year with the bank. <\/p>\n<p>En 2011, se uni\u00f3 a una empresa internacional de comercio e inversi\u00f3n de materias primas, donde ocup\u00f3 un puesto de liderazgo hasta 2016. En esta organizaci\u00f3n, que ten\u00eda intereses en la miner\u00eda, supervis\u00f3 una cartera global de comercio de materias primas. <\/p>\n<p>Entre 2016 y 2018, trabaj\u00f3 como consultor para ADCO Advisory Company, una firma especializada en asesoramiento estrat\u00e9gico y soluciones de financiamiento para empresas del Reino Unido en litigios comerciales e inversiones financieras.<\/p>\n<p>[\/et_pb_text][et_pb_button button_url=\u00bb#private-investment\u00bb button_text=\u00bbInversi\u00f3n privada\u00bb _builder_version=\u00bb4.27.3&#8243; _module_preset=\u00bbdefault\u00bb global_colors_info=\u00bb{}\u00bb][\/et_pb_button][\/et_pb_column][et_pb_column type=\u00bb2_5&#8243; _builder_version=\u00bb4.21.0&#8243; _module_preset=\u00bbdefault\u00bb global_colors_info=\u00bb{}\u00bb][et_pb_image src=\u00bbhttps:\/\/www.arifefendi.net\/wp-content\/uploads\/2024\/11\/Arif-Efendi-Business-Administration.jpg\u00bb alt=\u00bbArif Efendi Administraci\u00f3n de Empresas\u00bb title_text=\u00bbmt-sample-background\u00bb _builder_version=\u00bb4.27.3&#8243; _module_preset=\u00bbdefault\u00bb border_radii=\u00bbon|25px|25px|25px|25px\u00bb global_colors_info=\u00bb{}\u00bb][\/et_pb_image][\/et_pb_column][\/et_pb_row][\/et_pb_section][et_pb_section fb_built=\u00bb1&#8243; _builder_version=\u00bb4.21.0&#8243; _module_preset=\u00bbdefault\u00bb background_color=\u00bb#e2e2e2&#8243; custom_padding=\u00bb100px||100px||true|false\u00bb locked=\u00bboff\u00bb global_colors_info=\u00bb{}\u00bb][et_pb_row _builder_version=\u00bb4.21.0&#8243; _module_preset=\u00bbdefault\u00bb global_colors_info=\u00bb{}\u00bb][et_pb_column type=\u00bb4_4&#8243; _builder_version=\u00bb4.21.0&#8243; _module_preset=\u00bbdefault\u00bb global_colors_info=\u00bb{}\u00bb][et_pb_text module_id=\u00bbprivate-investment\u00bb _builder_version=\u00bb4.27.3&#8243; _module_preset=\u00bbdefault\u00bb global_colors_info=\u00bb{}\u00bb]<\/p>\n<h2>Inversi\u00f3n privada<\/h2>\n<p>[\/et_pb_text][et_pb_text _builder_version=\u00bb4.21.0&#8243; _module_preset=\u00bbdefault\u00bb global_colors_info=\u00bb{}\u00bb]<\/p>\n<p>En la actualidad, Arif trabaja en una oficina de inversi\u00f3n familiar con sede en Londres. All\u00ed supervisa inversiones privadas en el Reino Unido y Europa en sectores como tecnolog\u00eda, hosteler\u00eda, ocio y deportes. Adem\u00e1s, lidera la gesti\u00f3n de activos de la empresa, que incluye productos de renta variable global y otras inversiones de capital privado a largo plazo. <\/p>\n<p>[\/et_pb_text][et_pb_button button_url=\u00bb#philanthropy\u00bb button_text=\u00bbFilantrop\u00eda\u00bb _builder_version=\u00bb4.27.3&#8243; _module_preset=\u00bbdefault\u00bb global_colors_info=\u00bb{}\u00bb][\/et_pb_button][\/et_pb_column][\/et_pb_row][et_pb_row column_structure=\u00bb1_3,1_3,1_3&#8243; _builder_version=\u00bb4.24.3&#8243; _module_preset=\u00bbdefault\u00bb global_colors_info=\u00bb{}\u00bb][et_pb_column type=\u00bb1_3&#8243; _builder_version=\u00bb4.24.3&#8243; _module_preset=\u00bbdefault\u00bb global_colors_info=\u00bb{}\u00bb][et_pb_image src=\u00bbhttps:\/\/www.arifefendi.net\/wp-content\/uploads\/2024\/11\/Arif-Efendi-Private-Investments.jpg\u00bb alt=\u00bbArif Efendi Inversiones Privadas\u00bb title_text=\u00bbmt-sample-background\u00bb _builder_version=\u00bb4.27.3&#8243; _module_preset=\u00bbdefault\u00bb border_radii=\u00bbon|25px|25px|25px|25px\u00bb global_colors_info=\u00bb{}\u00bb][\/et_pb_image][\/et_pb_column][et_pb_column type=\u00bb1_3&#8243; _builder_version=\u00bb4.24.3&#8243; _module_preset=\u00bbdefault\u00bb global_colors_info=\u00bb{}\u00bb][et_pb_image src=\u00bbhttps:\/\/www.arifefendi.net\/wp-content\/uploads\/2024\/11\/Arif-Efendi-Technology-Investment.jpg\u00bb alt=\u00bbArif Efendi Inversi\u00f3n en tecnolog\u00eda\u00bb title_text=\u00bbmt-sample-background\u00bb _builder_version=\u00bb4.27.3&#8243; _module_preset=\u00bbdefault\u00bb border_radii=\u00bbon|25px|25px|25px|25px\u00bb global_colors_info=\u00bb{}\u00bb][\/et_pb_image][\/et_pb_column][et_pb_column type=\u00bb1_3&#8243; _builder_version=\u00bb4.24.3&#8243; _module_preset=\u00bbdefault\u00bb global_colors_info=\u00bb{}\u00bb][et_pb_image src=\u00bbhttps:\/\/www.arifefendi.net\/wp-content\/uploads\/2024\/11\/Arif-Efendi-Sports-Investments.jpg\u00bb alt=\u00bbInversiones Deportivas Arif Efendi\u00bb title_text=\u00bbmt-sample-background\u00bb _builder_version=\u00bb4.27.3&#8243; _module_preset=\u00bbdefault\u00bb border_radii=\u00bbon|25px|25px|25px|25px\u00bb global_colors_info=\u00bb{}\u00bb][\/et_pb_image][\/et_pb_column][\/et_pb_row][\/et_pb_section][et_pb_section fb_built=\u00bb1&#8243; _builder_version=\u00bb4.27.3&#8243; _module_preset=\u00bbdefault\u00bb background_color=\u00bb#000000&#8243; custom_padding=\u00bb100px||100px||true|false\u00bb locked=\u00bboff\u00bb global_colors_info=\u00bb{}\u00bb][et_pb_row column_structure=\u00bb3_5,2_5&#8243; _builder_version=\u00bb4.27.0&#8243; _module_preset=\u00bbdefault\u00bb global_colors_info=\u00bb{}\u00bb][et_pb_column type=\u00bb3_5&#8243; _builder_version=\u00bb4.21.0&#8243; _module_preset=\u00bbdefault\u00bb global_colors_info=\u00bb{}\u00bb][et_pb_text module_id=\u00bbphilanthropy\u00bb _builder_version=\u00bb4.27.3&#8243; _module_preset=\u00bbdefault\u00bb header_text_color=\u00bb#e2e2e2&#8243; header_2_text_color=\u00bb#e2e2e2&#8243; scroll_horizontal_motion=\u00bb0|15|15|100|4|0|0&#8243; scroll_fade=\u00bb0|30|30|100|0|100|100&#8243; global_colors_info=\u00bb{}\u00bb]<\/p>\n<h2>Filantrop\u00eda<\/h2>\n<p>[\/et_pb_text][et_pb_text _builder_version=\u00bb4.27.3&#8243; _module_preset=\u00bbdefault\u00bb text_text_color=\u00bb#e2e2e2&#8243; scroll_horizontal_motion=\u00bb0|15|15|100|4|0|0&#8243; scroll_fade=\u00bb0|30|30|100|0|100|100&#8243; global_colors_info=\u00bb{}\u00bb]<\/p>\n<p>En el oto\u00f1o de 2021, Arif realiz\u00f3 una donaci\u00f3n de 200.000 d\u00f3lares a la Universidad de Norwich como parte de su campa\u00f1a bicentenaria, en reconocimiento al impacto positivo que tuvo en su vida, especialmente gracias al exdecano Frank Vanecek. Para Arif, la universidad fue crucial en su desarrollo personal, ayud\u00e1ndolo a salir de su zona de confort y a aprender importantes lecciones de vida. Aunque inicialmente aspiraba a convertirse en general del Ej\u00e9rcito de Estados Unidos, durante sus estudios cambi\u00f3 de rumbo para dedicarse al mundo empresarial. \u00c9l considera que su tiempo en Norwich influy\u00f3 significativamente en sus logros posteriores.   <\/p>\n<p>Entre las principales habilidades de Arif Efendi se incluyen la creaci\u00f3n de estrategias de marketing, el desarrollo de nuevos negocios, la planificaci\u00f3n estrat\u00e9gica, el modelado financiero y la negociaci\u00f3n de contratos.<\/p>\n<p>[\/et_pb_text][et_pb_button button_url=\u00bb@ET-DC@eyJkeW5hbWljIjp0cnVlLCJjb250ZW50IjoicG9zdF9saW5rX3VybF9wYWdlIiwic2V0dGluZ3MiOnsicG9zdF9pZCI6Ijk3IiwiZW5hYmxlX2h0bWwiOiJvZmYifX0=@\u00bb button_text=\u00bbPreguntas frecuentes\u00bb _builder_version=\u00bb4.27.3&#8243; _dynamic_attributes=\u00bbbutton_url\u00bb _module_preset=\u00bbdefault\u00bb global_colors_info=\u00bb{}\u00bb][\/et_pb_button][\/et_pb_column][et_pb_column type=\u00bb2_5&#8243; _builder_version=\u00bb4.21.0&#8243; _module_preset=\u00bbdefault\u00bb global_colors_info=\u00bb{}\u00bb][et_pb_image src=\u00bbhttps:\/\/www.arifefendi.net\/wp-content\/uploads\/2024\/11\/Arif-Efendi-Philanthropy.jpg\u00bb alt=\u00bbArif Efendi Filantrop\u00eda\u00bb title_text=\u00bbmt-sample-background\u00bb _builder_version=\u00bb4.27.3&#8243; _module_preset=\u00bbdefault\u00bb border_radii=\u00bbon|25px|25px|25px|25px\u00bb global_colors_info=\u00bb{}\u00bb][\/et_pb_image][\/et_pb_column][\/et_pb_row][\/et_pb_section]<\/p>\n","protected":false},"excerpt":{"rendered":"<p>Acerca de Arif Efendi | L\u00edder empresarial, fil\u00e1ntropo e inversorArif Efendi es un l\u00edder empresarial, inversor y fil\u00e1ntropo que creci\u00f3 en Estados Unidos y actualmente vive en el Reino Unido. A lo largo de una carrera de 15 a\u00f1os, ha trabajado en diversos roles, incluyendo puestos de alta direcci\u00f3n, en el Reino Unido, Estados Unidos [&hellip;]<\/p>\n","protected":false},"author":1,"featured_media":0,"parent":0,"menu_order":0,"comment_status":"closed","ping_status":"closed","template":"","meta":{"_et_pb_use_builder":"on","_et_pb_old_content":"","_et_gb_content_width":"","footnotes":""},"class_list":["post-171","page","type-page","status-publish","hentry"],"yoast_head":"<!-- This site is optimized with the Yoast SEO plugin v27.5 - https:\/\/yoast.com\/product\/yoast-seo-wordpress\/ -->\n<title>Acerca de - Arif Efendi<\/title>\n<meta name=\"robots\" content=\"index, follow, max-snippet:-1, max-image-preview:large, max-video-preview:-1\" \/>\n<link rel=\"canonical\" href=\"https:\/\/www.arifefendi.net\/es\/acerca-de\/\" \/>\n<meta property=\"og:locale\" content=\"es_ES\" \/>\n<meta property=\"og:type\" content=\"article\" \/>\n<meta property=\"og:title\" content=\"Acerca de - Arif Efendi\" \/>\n<meta property=\"og:description\" content=\"Acerca de Arif Efendi | L\u00edder empresarial, fil\u00e1ntropo e inversorArif Efendi es un l\u00edder empresarial, inversor y fil\u00e1ntropo que creci\u00f3 en Estados Unidos y actualmente vive en el Reino Unido. A lo largo de una carrera de 15 a\u00f1os, ha trabajado en diversos roles, incluyendo puestos de alta direcci\u00f3n, en el Reino Unido, Estados Unidos [&hellip;]\" \/>\n<meta property=\"og:url\" content=\"https:\/\/www.arifefendi.net\/es\/acerca-de\/\" \/>\n<meta property=\"og:site_name\" content=\"Arif Efendi\" \/>\n<meta property=\"article:modified_time\" content=\"2025-01-31T12:22:42+00:00\" \/>\n<meta name=\"twitter:card\" content=\"summary_large_image\" \/>\n<meta name=\"twitter:label1\" content=\"Tiempo de lectura\" \/>\n\t<meta name=\"twitter:data1\" content=\"8 minutos\" \/>\n<script type=\"application\/ld+json\" class=\"yoast-schema-graph\">{\"@context\":\"https:\\\/\\\/schema.org\",\"@graph\":[{\"@type\":\"WebPage\",\"@id\":\"https:\\\/\\\/www.arifefendi.net\\\/es\\\/acerca-de\\\/\",\"url\":\"https:\\\/\\\/www.arifefendi.net\\\/es\\\/acerca-de\\\/\",\"name\":\"Acerca de - Arif Efendi\",\"isPartOf\":{\"@id\":\"https:\\\/\\\/www.arifefendi.net\\\/es\\\/#website\"},\"datePublished\":\"2024-11-13T15:10:11+00:00\",\"dateModified\":\"2025-01-31T12:22:42+00:00\",\"breadcrumb\":{\"@id\":\"https:\\\/\\\/www.arifefendi.net\\\/es\\\/acerca-de\\\/#breadcrumb\"},\"inLanguage\":\"es\",\"potentialAction\":[{\"@type\":\"ReadAction\",\"target\":[\"https:\\\/\\\/www.arifefendi.net\\\/es\\\/acerca-de\\\/\"]}]},{\"@type\":\"BreadcrumbList\",\"@id\":\"https:\\\/\\\/www.arifefendi.net\\\/es\\\/acerca-de\\\/#breadcrumb\",\"itemListElement\":[{\"@type\":\"ListItem\",\"position\":1,\"name\":\"Home\",\"item\":\"https:\\\/\\\/www.arifefendi.net\\\/es\\\/inicio\\\/\"},{\"@type\":\"ListItem\",\"position\":2,\"name\":\"Acerca de\"}]},{\"@type\":\"WebSite\",\"@id\":\"https:\\\/\\\/www.arifefendi.net\\\/es\\\/#website\",\"url\":\"https:\\\/\\\/www.arifefendi.net\\\/es\\\/\",\"name\":\"Arif Efendi\",\"description\":\"This is the blog of Arif Efendi | Business Leader, Investor and Philanthropist\",\"potentialAction\":[{\"@type\":\"SearchAction\",\"target\":{\"@type\":\"EntryPoint\",\"urlTemplate\":\"https:\\\/\\\/www.arifefendi.net\\\/es\\\/?s={search_term_string}\"},\"query-input\":{\"@type\":\"PropertyValueSpecification\",\"valueRequired\":true,\"valueName\":\"search_term_string\"}}],\"inLanguage\":\"es\"}]}<\/script>\n<!-- \/ Yoast SEO plugin. -->","yoast_head_json":{"title":"Acerca de - Arif Efendi","robots":{"index":"index","follow":"follow","max-snippet":"max-snippet:-1","max-image-preview":"max-image-preview:large","max-video-preview":"max-video-preview:-1"},"canonical":"https:\/\/www.arifefendi.net\/es\/acerca-de\/","og_locale":"es_ES","og_type":"article","og_title":"Acerca de - Arif Efendi","og_description":"Acerca de Arif Efendi | L\u00edder empresarial, fil\u00e1ntropo e inversorArif Efendi es un l\u00edder empresarial, inversor y fil\u00e1ntropo que creci\u00f3 en Estados Unidos y actualmente vive en el Reino Unido. A lo largo de una carrera de 15 a\u00f1os, ha trabajado en diversos roles, incluyendo puestos de alta direcci\u00f3n, en el Reino Unido, Estados Unidos [&hellip;]","og_url":"https:\/\/www.arifefendi.net\/es\/acerca-de\/","og_site_name":"Arif Efendi","article_modified_time":"2025-01-31T12:22:42+00:00","twitter_card":"summary_large_image","twitter_misc":{"Tiempo de lectura":"8 minutos"},"schema":{"@context":"https:\/\/schema.org","@graph":[{"@type":"WebPage","@id":"https:\/\/www.arifefendi.net\/es\/acerca-de\/","url":"https:\/\/www.arifefendi.net\/es\/acerca-de\/","name":"Acerca de - Arif Efendi","isPartOf":{"@id":"https:\/\/www.arifefendi.net\/es\/#website"},"datePublished":"2024-11-13T15:10:11+00:00","dateModified":"2025-01-31T12:22:42+00:00","breadcrumb":{"@id":"https:\/\/www.arifefendi.net\/es\/acerca-de\/#breadcrumb"},"inLanguage":"es","potentialAction":[{"@type":"ReadAction","target":["https:\/\/www.arifefendi.net\/es\/acerca-de\/"]}]},{"@type":"BreadcrumbList","@id":"https:\/\/www.arifefendi.net\/es\/acerca-de\/#breadcrumb","itemListElement":[{"@type":"ListItem","position":1,"name":"Home","item":"https:\/\/www.arifefendi.net\/es\/inicio\/"},{"@type":"ListItem","position":2,"name":"Acerca de"}]},{"@type":"WebSite","@id":"https:\/\/www.arifefendi.net\/es\/#website","url":"https:\/\/www.arifefendi.net\/es\/","name":"Arif Efendi","description":"This is the blog of Arif Efendi | Business Leader, Investor and Philanthropist","potentialAction":[{"@type":"SearchAction","target":{"@type":"EntryPoint","urlTemplate":"https:\/\/www.arifefendi.net\/es\/?s={search_term_string}"},"query-input":{"@type":"PropertyValueSpecification","valueRequired":true,"valueName":"search_term_string"}}],"inLanguage":"es"}]}},"_links":{"self":[{"href":"https:\/\/www.arifefendi.net\/es\/wp-json\/wp\/v2\/pages\/171","targetHints":{"allow":["GET"]}}],"collection":[{"href":"https:\/\/www.arifefendi.net\/es\/wp-json\/wp\/v2\/pages"}],"about":[{"href":"https:\/\/www.arifefendi.net\/es\/wp-json\/wp\/v2\/types\/page"}],"author":[{"embeddable":true,"href":"https:\/\/www.arifefendi.net\/es\/wp-json\/wp\/v2\/users\/1"}],"replies":[{"embeddable":true,"href":"https:\/\/www.arifefendi.net\/es\/wp-json\/wp\/v2\/comments?post=171"}],"version-history":[{"count":2,"href":"https:\/\/www.arifefendi.net\/es\/wp-json\/wp\/v2\/pages\/171\/revisions"}],"predecessor-version":[{"id":173,"href":"https:\/\/www.arifefendi.net\/es\/wp-json\/wp\/v2\/pages\/171\/revisions\/173"}],"wp:attachment":[{"href":"https:\/\/www.arifefendi.net\/es\/wp-json\/wp\/v2\/media?parent=171"}],"curies":[{"name":"wp","href":"https:\/\/api.w.org\/{rel}","templated":true}]}}