{"id":174,"date":"2024-11-13T11:56:46","date_gmt":"2024-11-13T11:56:46","guid":{"rendered":"https:\/\/www.arifefendi.net\/inicio\/"},"modified":"2025-01-31T12:23:32","modified_gmt":"2025-01-31T12:23:32","slug":"inicio","status":"publish","type":"page","link":"https:\/\/www.arifefendi.net\/es\/","title":{"rendered":"Inicio"},"content":{"rendered":"<p>[et_pb_section fb_built=\u00bb1&#8243; _builder_version=\u00bb4.27.3&#8243; _module_preset=\u00bbdefault\u00bb background_color=\u00bb#e2e2e2&#8243; use_background_color_gradient=\u00bbon\u00bb background_color_gradient_stops=\u00bbrgba(226,226,226,0.75) 0%|rgba(226,226,226,0.75) 100%\u00bb background_color_gradient_overlays_image=\u00bbon\u00bb background_image=\u00bbhttps:\/\/www.arifefendi.net\/wp-content\/uploads\/2024\/11\/Arif-Efendi-Hero.jpg\u00bb custom_padding=\u00bb150px||150px||true|false\u00bb global_colors_info=\u00bb{}\u00bb][et_pb_row column_structure=\u00bb2_3,1_3&#8243; _builder_version=\u00bb4.27.3&#8243; _module_preset=\u00bbdefault\u00bb global_colors_info=\u00bb{}\u00bb][et_pb_column type=\u00bb2_3&#8243; _builder_version=\u00bb4.21.0&#8243; _module_preset=\u00bbdefault\u00bb global_colors_info=\u00bb{}\u00bb][et_pb_text _builder_version=\u00bb4.27.0&#8243; _module_preset=\u00bbdefault\u00bb global_colors_info=\u00bb{}\u00bb]<\/p>\n<h1>Arif Efendi | L\u00edder empresarial, fil\u00e1ntropo e inversor <\/h1>\n<p>[\/et_pb_text][et_pb_text _builder_version=\u00bb4.21.0&#8243; _module_preset=\u00bbdefault\u00bb global_colors_info=\u00bb{}\u00bb]<\/p>\n<p>Este es el blog de Arif Efendi, un profesional con 15 a\u00f1os de experiencia en servicios financieros, comercio de materias primas y banca. Este es el blog de Arif Efendi, un profesional con 15 a\u00f1os de experiencia en servicios financieros, comercio de materias primas y banca. Aqu\u00ed se abordan aspectos clave de su carrera y sus intereses, con temas variados como la gesti\u00f3n deportiva, el f\u00fatbol, el impacto de la inteligencia artificial en la industria hotelera y consejos para lanzar una startup.<\/p>\n<p>[\/et_pb_text][et_pb_button button_url=\u00bb#sports\u00bb button_text=\u00bbDeportes\u00bb _builder_version=\u00bb4.27.3&#8243; _module_preset=\u00bbdefault\u00bb global_colors_info=\u00bb{}\u00bb][\/et_pb_button][\/et_pb_column][et_pb_column type=\u00bb1_3&#8243; _builder_version=\u00bb4.21.0&#8243; _module_preset=\u00bbdefault\u00bb global_colors_info=\u00bb{}\u00bb][\/et_pb_column][\/et_pb_row][\/et_pb_section][et_pb_section fb_built=\u00bb1&#8243; _builder_version=\u00bb4.27.3&#8243; _module_preset=\u00bbdefault\u00bb background_color=\u00bb#000000&#8243; custom_padding=\u00bb100px||100px||true|false\u00bb global_colors_info=\u00bb{}\u00bb][et_pb_row column_structure=\u00bb3_5,2_5&#8243; _builder_version=\u00bb4.27.0&#8243; _module_preset=\u00bbdefault\u00bb global_colors_info=\u00bb{}\u00bb][et_pb_column type=\u00bb3_5&#8243; _builder_version=\u00bb4.21.0&#8243; _module_preset=\u00bbdefault\u00bb global_colors_info=\u00bb{}\u00bb][et_pb_text module_id=\u00bbsports\u00bb _builder_version=\u00bb4.27.3&#8243; _module_preset=\u00bbdefault\u00bb header_text_color=\u00bb#e2e2e2&#8243; header_2_text_color=\u00bb#e2e2e2&#8243; scroll_horizontal_motion=\u00bb0|15|15|100|4|0|0&#8243; scroll_fade=\u00bb0|30|30|100|0|100|100&#8243; global_colors_info=\u00bb{}\u00bb]<\/p>\n<h2>Deportes<\/h2>\n<p>[\/et_pb_text][et_pb_text _builder_version=\u00bb4.27.3&#8243; _module_preset=\u00bbdefault\u00bb text_text_color=\u00bb#e2e2e2&#8243; header_2_text_color=\u00bb#e2e2e2&#8243; scroll_horizontal_motion=\u00bb0|15|15|100|4|0|0&#8243; scroll_fade=\u00bb0|30|30|100|0|100|100&#8243; global_colors_info=\u00bb{}\u00bb]<\/p>\n<p>Hoy en d\u00eda, la ciencia del deporte se est\u00e1 integrando cada vez m\u00e1s en el entrenamiento para mejorar el rendimiento de los clubes de f\u00fatbol. Al medir las cargas de entrenamiento y asesorar en el dise\u00f1o de programas de preparaci\u00f3n personalizados y multidisciplinarios, la ciencia del deporte y la medicina nos ayudan a entender mejor los efectos del entrenamiento. Al minimizar las posibilidades de enfermedades y lesiones, este enfoque puede aumentar la disponibilidad de los jugadores tanto para entrenar como para competir, facilitar la toma de decisiones, mejorar la gesti\u00f3n de riesgos y enriquecer la comprensi\u00f3n del juego.  <\/p>\n<p>En septiembre de 2009, el Panel de Control Financiero de la organizaci\u00f3n aprob\u00f3 el Reglamento de Juego Limpio Financiero (FFP) de la UEFA, que establece las sanciones que se impondr\u00e1n a los clubes de f\u00fatbol que, a lo largo de varias temporadas, superen el gasto dentro de un marco presupuestario claramente definido. La sanci\u00f3n m\u00e1s severa es la descalificaci\u00f3n de las competiciones europeas, mientras que otras sanciones incluyen la prohibici\u00f3n del traspaso de jugadores, multas y la retenci\u00f3n del dinero de los premios. El objetivo \u00faltimo de la normativa es impedir que los clubes de f\u00fatbol profesional gasten m\u00e1s de lo que ganan en un intento de triunfar.  <\/p>\n<p>[\/et_pb_text][et_pb_button button_url=\u00bb#ai\u00bb button_text=\u00bbInteligencia Artificial\u00bb _builder_version=\u00bb4.27.3&#8243; _module_preset=\u00bbdefault\u00bb global_colors_info=\u00bb{}\u00bb][\/et_pb_button][\/et_pb_column][et_pb_column type=\u00bb2_5&#8243; _builder_version=\u00bb4.21.0&#8243; _module_preset=\u00bbdefault\u00bb global_colors_info=\u00bb{}\u00bb][et_pb_image src=\u00bbhttps:\/\/www.arifefendi.net\/wp-content\/uploads\/2024\/11\/Arif-Efendi-Football-Training.jpg\u00bb alt=\u00bbArif Efendi\u00bb title_text=\u00bbmt-muestra-fondo\u00bb _builder_version=\u00bb4.27.3&#8243; _module_preset=\u00bbdefault\u00bb border_radii=\u00bbon|25px|25px|25px|25px\u00bb global_colors_info=\u00bb{}\u00bb][\/et_pb_image][\/et_pb_column][\/et_pb_row][\/et_pb_section][et_pb_section fb_built=\u00bb1&#8243; _builder_version=\u00bb4.21.0&#8243; _module_preset=\u00bbdefault\u00bb background_color=\u00bb#e2e2e2&#8243; custom_padding=\u00bb100px||100px||true|false\u00bb global_colors_info=\u00bb{}\u00bb][et_pb_row _builder_version=\u00bb4.21.0&#8243; _module_preset=\u00bbdefault\u00bb global_colors_info=\u00bb{}\u00bb][et_pb_column type=\u00bb4_4&#8243; _builder_version=\u00bb4.21.0&#8243; _module_preset=\u00bbdefault\u00bb global_colors_info=\u00bb{}\u00bb][et_pb_text module_id=\u00bbai\u00bb _builder_version=\u00bb4.27.3&#8243; _module_preset=\u00bbdefault\u00bb header_2_text_color=\u00bb#000000&#8243; hover_enabled=\u00bb0&#8243; global_colors_info=\u00bb{}\u00bb sticky_enabled=\u00bb0&#8243;]<\/p>\n<h2>Inteligencia Artificial (IA)<\/h2>\n<p>[\/et_pb_text][et_pb_text _builder_version=\u00bb4.21.0&#8243; _module_preset=\u00bbdefault\u00bb global_colors_info=\u00bb{}\u00bb]<\/p>\n<p>La inteligencia artificial est\u00e1 revolucionando la industria hotelera, y cada d\u00eda surgen nuevos casos de uso. Por ejemplo, las herramientas y plataformas basadas en IA ya est\u00e1n mejorando la gesti\u00f3n de ingresos hoteleros mediante modelos predictivos que pronostican la demanda futura y los ingresos, optimizando la disponibilidad y los precios. La IA puede establecer precios din\u00e1micos teniendo en cuenta la ocupaci\u00f3n, la demanda y otros factores, y mejorar la gesti\u00f3n del inventario ajustando la disponibilidad de habitaciones seg\u00fan las previsiones.  <\/p>\n<p>[\/et_pb_text][et_pb_button button_url=\u00bb#fantasy-football\u00bb button_text=\u00bbFantasy F\u00fatbol\u00bb _builder_version=\u00bb4.27.3&#8243; _module_preset=\u00bbdefault\u00bb global_colors_info=\u00bb{}\u00bb][\/et_pb_button][\/et_pb_column][\/et_pb_row][et_pb_row column_structure=\u00bb1_3,1_3,1_3&#8243; _builder_version=\u00bb4.24.3&#8243; _module_preset=\u00bbdefault\u00bb global_colors_info=\u00bb{}\u00bb][et_pb_column type=\u00bb1_3&#8243; _builder_version=\u00bb4.24.3&#8243; _module_preset=\u00bbdefault\u00bb global_colors_info=\u00bb{}\u00bb][et_pb_image src=\u00bbhttps:\/\/www.arifefendi.net\/wp-content\/uploads\/2024\/11\/Arif-Efendi-Aritficial-Intelligence.jpg\u00bb alt=\u00bbArif Efendi Inteligencia oficial\u00bb title_text=\u00bbmt-muestra-fondo\u00bb _builder_version=\u00bb4.27.3&#8243; _module_preset=\u00bbdefault\u00bb border_radii=\u00bbon|25px|25px|25px|25px\u00bb global_colors_info=\u00bb{}\u00bb][\/et_pb_image][\/et_pb_column][et_pb_column type=\u00bb1_3&#8243; _builder_version=\u00bb4.24.3&#8243; _module_preset=\u00bbdefault\u00bb global_colors_info=\u00bb{}\u00bb][et_pb_image src=\u00bbhttps:\/\/www.arifefendi.net\/wp-content\/uploads\/2024\/11\/Arif-Efendi-Hotel-Management.jpg\u00bb alt=\u00bbArif Efendi Direcci\u00f3n Hotelera\u00bb title_text=\u00bbmt-muestra-fondo\u00bb _builder_version=\u00bb4.27.3&#8243; _module_preset=\u00bbdefault\u00bb border_radii=\u00bbon|25px|25px|25px|25px\u00bb global_colors_info=\u00bb{}\u00bb][\/et_pb_image][\/et_pb_column][et_pb_column type=\u00bb1_3&#8243; _builder_version=\u00bb4.24.3&#8243; _module_preset=\u00bbdefault\u00bb global_colors_info=\u00bb{}\u00bb][et_pb_image src=\u00bbhttps:\/\/www.arifefendi.net\/wp-content\/uploads\/2024\/11\/Arif-Efendi-Hotel-Revenue-Management.jpg\u00bb alt=\u00bbArif Efendi Gesti\u00f3n de Ingresos Hoteleros\u00bb title_text=\u00bbmt-muestra-fondo\u00bb _builder_version=\u00bb4.27.3&#8243; _module_preset=\u00bbdefault\u00bb border_radii=\u00bbon|25px|25px|25px|25px\u00bb global_colors_info=\u00bb{}\u00bb][\/et_pb_image][\/et_pb_column][\/et_pb_row][\/et_pb_section][et_pb_section fb_built=\u00bb1&#8243; _builder_version=\u00bb4.24.3&#8243; _module_preset=\u00bbdefault\u00bb background_color=\u00bb#000000&#8243; custom_padding=\u00bb100px||100px||true|false\u00bb global_colors_info=\u00bb{}\u00bb][et_pb_row column_structure=\u00bb3_5,2_5&#8243; _builder_version=\u00bb4.27.3&#8243; _module_preset=\u00bbdefault\u00bb global_colors_info=\u00bb{}\u00bb][et_pb_column type=\u00bb3_5&#8243; _builder_version=\u00bb4.21.0&#8243; _module_preset=\u00bbdefault\u00bb global_colors_info=\u00bb{}\u00bb][et_pb_text module_id=\u00bbfantasy-football\u00bb _builder_version=\u00bb4.27.3&#8243; _module_preset=\u00bbdefault\u00bb header_text_color=\u00bb#e2e2e2&#8243; header_2_text_color=\u00bb#e2e2e2&#8243; global_colors_info=\u00bb{}\u00bb]<\/p>\n<h2>Fantasy F\u00fatbol<\/h2>\n<p>[\/et_pb_text][et_pb_text _builder_version=\u00bb4.24.3&#8243; _module_preset=\u00bbdefault\u00bb text_text_color=\u00bb#e2e2e2&#8243; global_colors_info=\u00bb{}\u00bb]<\/p>\n<p>El Sr. Efendi es fan\u00e1tico del fantasy f\u00fatbol, un juego que pone al jugador en el rol virtual de entrenador de un club de f\u00fatbol. La tarea consiste en seleccionar un equipo de futbolistas reales que obtienen puntos en el juego en funci\u00f3n de su rendimiento en los partidos de la vida real. Los entrenadores de fantasy eligen un equipo de 11 (o a veces 15) jugadores para representarlos en cada jornada de la temporada. A lo largo de la temporada, los puntos se suman o se restan, generando un total que se puede comparar con otros equipos dentro de una liga privada o en el mundo del fantasy, donde incluso se pueden ganar premios. Los puntos se obtienen por jugar partidos, marcar goles, tener un buen desempe\u00f1o, mantener la porter\u00eda a cero y dar asistencias, mientras que se pierden si se encajan goles o si los jugadores reciben amonestaciones.    <\/p>\n<p>[\/et_pb_text][et_pb_button button_url=\u00bb@ET-DC@eyJkeW5hbWljIjp0cnVlLCJjb250ZW50IjoicG9zdF9saW5rX3VybF9wYWdlIiwic2V0dGluZ3MiOnsicG9zdF9pZCI6Ijk1IiwiZW5hYmxlX2h0bWwiOiJvZmYifX0=@\u00bb button_text=\u00bbSobre Arif Efendi\u00bb _builder_version=\u00bb4.27.3&#8243; _dynamic_attributes=\u00bbbutton_url\u00bb _module_preset=\u00bbdefault\u00bb global_colors_info=\u00bb{}\u00bb][\/et_pb_button][\/et_pb_column][et_pb_column type=\u00bb2_5&#8243; _builder_version=\u00bb4.21.0&#8243; _module_preset=\u00bbdefault\u00bb global_colors_info=\u00bb{}\u00bb][et_pb_image src=\u00bbhttps:\/\/www.arifefendi.net\/wp-content\/uploads\/2024\/11\/Arif-Efendi-Fantasy-Football.jpg\u00bb alt=\u00bbArif Efendi Fantasy F\u00fatbol\u00bb title_text=\u00bbmt-muestra-fondo\u00bb _builder_version=\u00bb4.27.3&#8243; _module_preset=\u00bbdefault\u00bb border_radii=\u00bbon|25px|25px|25px|25px\u00bb global_colors_info=\u00bb{}\u00bb][\/et_pb_image][\/et_pb_column][\/et_pb_row][\/et_pb_section]<\/p>\n","protected":false},"excerpt":{"rendered":"<p>Arif Efendi | L\u00edder empresarial, fil\u00e1ntropo e inversor Este es el blog de Arif Efendi, un profesional con 15 a\u00f1os de experiencia en servicios financieros, comercio de materias primas y banca. Este es el blog de Arif Efendi, un profesional con 15 a\u00f1os de experiencia en servicios financieros, comercio de materias primas y banca. Aqu\u00ed [&hellip;]<\/p>\n","protected":false},"author":1,"featured_media":0,"parent":0,"menu_order":0,"comment_status":"closed","ping_status":"closed","template":"","meta":{"_et_pb_use_builder":"on","_et_pb_old_content":"","_et_gb_content_width":"","footnotes":""},"class_list":["post-174","page","type-page","status-publish","hentry"],"yoast_head":"<!-- This site is optimized with the Yoast SEO plugin v27.5 - https:\/\/yoast.com\/product\/yoast-seo-wordpress\/ -->\n<title>Arif Efendi | L\u00edder empresarial, fil\u00e1ntropo e inversor<\/title>\n<meta name=\"description\" content=\"Este es el blog de Arif Efendi, un profesional con 15 a\u00f1os de experiencia en servicios financieros, comercio de materias primas y banca. Aqu\u00ed se abordan aspectos clave de su carrera y sus intereses, con temas variados como la gesti\u00f3n deportiva, el f\u00fatbol, el impacto de la inteligencia artificial en la industria hotelera y consejos para lanzar una startup.\" \/>\n<meta name=\"robots\" content=\"index, follow, max-snippet:-1, max-image-preview:large, max-video-preview:-1\" \/>\n<link rel=\"canonical\" href=\"https:\/\/www.arifefendi.net\/es\/\" \/>\n<meta property=\"og:locale\" content=\"es_ES\" \/>\n<meta property=\"og:type\" content=\"article\" \/>\n<meta property=\"og:title\" content=\"Arif Efendi | L\u00edder empresarial, fil\u00e1ntropo e inversor\" \/>\n<meta property=\"og:description\" content=\"Este es el blog de Arif Efendi, un profesional con 15 a\u00f1os de experiencia en servicios financieros, comercio de materias primas y banca. Aqu\u00ed se abordan aspectos clave de su carrera y sus intereses, con temas variados como la gesti\u00f3n deportiva, el f\u00fatbol, el impacto de la inteligencia artificial en la industria hotelera y consejos para lanzar una startup.\" \/>\n<meta property=\"og:url\" content=\"https:\/\/www.arifefendi.net\/es\/\" \/>\n<meta property=\"og:site_name\" content=\"Arif Efendi\" \/>\n<meta property=\"article:modified_time\" content=\"2025-01-31T12:23:32+00:00\" \/>\n<meta name=\"twitter:card\" content=\"summary_large_image\" \/>\n<meta name=\"twitter:label1\" content=\"Tiempo de lectura\" \/>\n\t<meta name=\"twitter:data1\" content=\"7 minutos\" \/>\n<script type=\"application\/ld+json\" class=\"yoast-schema-graph\">{\"@context\":\"https:\\\/\\\/schema.org\",\"@graph\":[{\"@type\":\"WebPage\",\"@id\":\"https:\\\/\\\/www.arifefendi.net\\\/es\\\/\",\"url\":\"https:\\\/\\\/www.arifefendi.net\\\/es\\\/\",\"name\":\"Arif Efendi | L\u00edder empresarial, fil\u00e1ntropo e inversor\",\"isPartOf\":{\"@id\":\"https:\\\/\\\/www.arifefendi.net\\\/es\\\/#website\"},\"datePublished\":\"2024-11-13T11:56:46+00:00\",\"dateModified\":\"2025-01-31T12:23:32+00:00\",\"description\":\"Este es el blog de Arif Efendi, un profesional con 15 a\u00f1os de experiencia en servicios financieros, comercio de materias primas y banca. Aqu\u00ed se abordan aspectos clave de su carrera y sus intereses, con temas variados como la gesti\u00f3n deportiva, el f\u00fatbol, el impacto de la inteligencia artificial en la industria hotelera y consejos para lanzar una startup.\",\"breadcrumb\":{\"@id\":\"https:\\\/\\\/www.arifefendi.net\\\/es\\\/#breadcrumb\"},\"inLanguage\":\"es\",\"potentialAction\":[{\"@type\":\"ReadAction\",\"target\":[\"https:\\\/\\\/www.arifefendi.net\\\/es\\\/\"]}]},{\"@type\":\"BreadcrumbList\",\"@id\":\"https:\\\/\\\/www.arifefendi.net\\\/es\\\/#breadcrumb\",\"itemListElement\":[{\"@type\":\"ListItem\",\"position\":1,\"name\":\"Home\",\"item\":\"https:\\\/\\\/www.arifefendi.net\\\/es\\\/inicio\\\/\"},{\"@type\":\"ListItem\",\"position\":2,\"name\":\"Inicio\"}]},{\"@type\":\"WebSite\",\"@id\":\"https:\\\/\\\/www.arifefendi.net\\\/es\\\/#website\",\"url\":\"https:\\\/\\\/www.arifefendi.net\\\/es\\\/\",\"name\":\"Arif Efendi\",\"description\":\"This is the blog of Arif Efendi | Business Leader, Investor and Philanthropist\",\"potentialAction\":[{\"@type\":\"SearchAction\",\"target\":{\"@type\":\"EntryPoint\",\"urlTemplate\":\"https:\\\/\\\/www.arifefendi.net\\\/es\\\/?s={search_term_string}\"},\"query-input\":{\"@type\":\"PropertyValueSpecification\",\"valueRequired\":true,\"valueName\":\"search_term_string\"}}],\"inLanguage\":\"es\"}]}<\/script>\n<!-- \/ Yoast SEO plugin. -->","yoast_head_json":{"title":"Arif Efendi | L\u00edder empresarial, fil\u00e1ntropo e inversor","description":"Este es el blog de Arif Efendi, un profesional con 15 a\u00f1os de experiencia en servicios financieros, comercio de materias primas y banca. Aqu\u00ed se abordan aspectos clave de su carrera y sus intereses, con temas variados como la gesti\u00f3n deportiva, el f\u00fatbol, el impacto de la inteligencia artificial en la industria hotelera y consejos para lanzar una startup.","robots":{"index":"index","follow":"follow","max-snippet":"max-snippet:-1","max-image-preview":"max-image-preview:large","max-video-preview":"max-video-preview:-1"},"canonical":"https:\/\/www.arifefendi.net\/es\/","og_locale":"es_ES","og_type":"article","og_title":"Arif Efendi | L\u00edder empresarial, fil\u00e1ntropo e inversor","og_description":"Este es el blog de Arif Efendi, un profesional con 15 a\u00f1os de experiencia en servicios financieros, comercio de materias primas y banca. Aqu\u00ed se abordan aspectos clave de su carrera y sus intereses, con temas variados como la gesti\u00f3n deportiva, el f\u00fatbol, el impacto de la inteligencia artificial en la industria hotelera y consejos para lanzar una startup.","og_url":"https:\/\/www.arifefendi.net\/es\/","og_site_name":"Arif Efendi","article_modified_time":"2025-01-31T12:23:32+00:00","twitter_card":"summary_large_image","twitter_misc":{"Tiempo de lectura":"7 minutos"},"schema":{"@context":"https:\/\/schema.org","@graph":[{"@type":"WebPage","@id":"https:\/\/www.arifefendi.net\/es\/","url":"https:\/\/www.arifefendi.net\/es\/","name":"Arif Efendi | L\u00edder empresarial, fil\u00e1ntropo e inversor","isPartOf":{"@id":"https:\/\/www.arifefendi.net\/es\/#website"},"datePublished":"2024-11-13T11:56:46+00:00","dateModified":"2025-01-31T12:23:32+00:00","description":"Este es el blog de Arif Efendi, un profesional con 15 a\u00f1os de experiencia en servicios financieros, comercio de materias primas y banca. Aqu\u00ed se abordan aspectos clave de su carrera y sus intereses, con temas variados como la gesti\u00f3n deportiva, el f\u00fatbol, el impacto de la inteligencia artificial en la industria hotelera y consejos para lanzar una startup.","breadcrumb":{"@id":"https:\/\/www.arifefendi.net\/es\/#breadcrumb"},"inLanguage":"es","potentialAction":[{"@type":"ReadAction","target":["https:\/\/www.arifefendi.net\/es\/"]}]},{"@type":"BreadcrumbList","@id":"https:\/\/www.arifefendi.net\/es\/#breadcrumb","itemListElement":[{"@type":"ListItem","position":1,"name":"Home","item":"https:\/\/www.arifefendi.net\/es\/inicio\/"},{"@type":"ListItem","position":2,"name":"Inicio"}]},{"@type":"WebSite","@id":"https:\/\/www.arifefendi.net\/es\/#website","url":"https:\/\/www.arifefendi.net\/es\/","name":"Arif Efendi","description":"This is the blog of Arif Efendi | Business Leader, Investor and Philanthropist","potentialAction":[{"@type":"SearchAction","target":{"@type":"EntryPoint","urlTemplate":"https:\/\/www.arifefendi.net\/es\/?s={search_term_string}"},"query-input":{"@type":"PropertyValueSpecification","valueRequired":true,"valueName":"search_term_string"}}],"inLanguage":"es"}]}},"_links":{"self":[{"href":"https:\/\/www.arifefendi.net\/es\/wp-json\/wp\/v2\/pages\/174","targetHints":{"allow":["GET"]}}],"collection":[{"href":"https:\/\/www.arifefendi.net\/es\/wp-json\/wp\/v2\/pages"}],"about":[{"href":"https:\/\/www.arifefendi.net\/es\/wp-json\/wp\/v2\/types\/page"}],"author":[{"embeddable":true,"href":"https:\/\/www.arifefendi.net\/es\/wp-json\/wp\/v2\/users\/1"}],"replies":[{"embeddable":true,"href":"https:\/\/www.arifefendi.net\/es\/wp-json\/wp\/v2\/comments?post=174"}],"version-history":[{"count":2,"href":"https:\/\/www.arifefendi.net\/es\/wp-json\/wp\/v2\/pages\/174\/revisions"}],"predecessor-version":[{"id":176,"href":"https:\/\/www.arifefendi.net\/es\/wp-json\/wp\/v2\/pages\/174\/revisions\/176"}],"wp:attachment":[{"href":"https:\/\/www.arifefendi.net\/es\/wp-json\/wp\/v2\/media?parent=174"}],"curies":[{"name":"wp","href":"https:\/\/api.w.org\/{rel}","templated":true}]}}