{"id":177,"date":"2024-11-13T15:14:00","date_gmt":"2024-11-13T15:14:00","guid":{"rendered":"https:\/\/www.arifefendi.net\/preguntas-frecuentes\/"},"modified":"2025-01-31T12:33:43","modified_gmt":"2025-01-31T12:33:43","slug":"preguntas-frecuentes","status":"publish","type":"page","link":"https:\/\/www.arifefendi.net\/es\/preguntas-frecuentes\/","title":{"rendered":"Preguntas Frecuentes"},"content":{"rendered":"<p>[et_pb_section fb_built=\u00bb1&#8243; _builder_version=\u00bb4.27.3&#8243; _module_preset=\u00bbdefault\u00bb background_color=\u00bb#e2e2e2&#8243; use_background_color_gradient=\u00bbon\u00bb background_color_gradient_stops=\u00bbrgba(226,226,226,0.75) 0%|rgba(226,226,226,0.75) 100%\u00bb background_color_gradient_overlays_image=\u00bbon\u00bb background_image=\u00bbhttps:\/\/www.arifefendi.net\/wp-content\/uploads\/2024\/11\/Arif-Efendi-Hero.jpg\u00bb custom_padding=\u00bb150px||150px||true|false\u00bb global_colors_info=\u00bb{}\u00bb locked=\u00bboff\u00bb theme_builder_area=\u00bbpost_content\u00bb][et_pb_row column_structure=\u00bb2_3,1_3&#8243; _builder_version=\u00bb4.27.3&#8243; _module_preset=\u00bbdefault\u00bb global_colors_info=\u00bb{}\u00bb theme_builder_area=\u00bbpost_content\u00bb][et_pb_column type=\u00bb2_3&#8243; _builder_version=\u00bb4.21.0&#8243; _module_preset=\u00bbdefault\u00bb global_colors_info=\u00bb{}\u00bb theme_builder_area=\u00bbpost_content\u00bb][et_pb_text _builder_version=\u00bb4.27.0&#8243; _module_preset=\u00bbdefault\u00bb global_colors_info=\u00bb{}\u00bb theme_builder_area=\u00bbpost_content\u00bb]<\/p>\n<h1>FAQ &#8211; Iniciativa empresarial<\/h1>\n<p>[\/et_pb_text][et_pb_button button_url=\u00bb#entrepeneur\u00bb button_text=\u00bb\u00bfQu\u00e9 es un emprendedor?\u00bb _builder_version=\u00bb4.27.3&#8243; _module_preset=\u00bbdefault\u00bb hover_enabled=\u00bb0&#8243; global_colors_info=\u00bb{}\u00bb theme_builder_area=\u00bbpost_content\u00bb sticky_enabled=\u00bb0&#8243;][\/et_pb_button][\/et_pb_column][et_pb_column type=\u00bb1_3&#8243; _builder_version=\u00bb4.21.0&#8243; _module_preset=\u00bbdefault\u00bb global_colors_info=\u00bb{}\u00bb theme_builder_area=\u00bbpost_content\u00bb][\/et_pb_column][\/et_pb_row][\/et_pb_section][et_pb_section fb_built=\u00bb1&#8243; _builder_version=\u00bb4.27.3&#8243; _module_preset=\u00bbdefault\u00bb background_color=\u00bb#000000&#8243; custom_padding=\u00bb100px||100px||true|false\u00bb global_colors_info=\u00bb{}\u00bb locked=\u00bboff\u00bb theme_builder_area=\u00bbpost_content\u00bb][et_pb_row column_structure=\u00bb3_5,2_5&#8243; _builder_version=\u00bb4.27.3&#8243; _module_preset=\u00bbdefault\u00bb hover_enabled=\u00bb0&#8243; global_colors_info=\u00bb{}\u00bb theme_builder_area=\u00bbpost_content\u00bb sticky_enabled=\u00bb0&#8243;][et_pb_column type=\u00bb3_5&#8243; _builder_version=\u00bb4.21.0&#8243; _module_preset=\u00bbdefault\u00bb global_colors_info=\u00bb{}\u00bb theme_builder_area=\u00bbpost_content\u00bb][et_pb_text module_id=\u00bbentrepeneur\u00bb _builder_version=\u00bb4.27.3&#8243; _module_preset=\u00bbdefault\u00bb header_text_color=\u00bb#e2e2e2&#8243; scroll_horizontal_motion=\u00bb0|15|15|100|4|0|0&#8243; scroll_fade=\u00bb0|30|30|100|0|100|100&#8243; hover_enabled=\u00bb0&#8243; global_colors_info=\u00bb{}\u00bb theme_builder_area=\u00bbpost_content\u00bb header_2_text_color=\u00bb#e2e2e2&#8243; sticky_enabled=\u00bb0&#8243;]<\/p>\n<h2>\u00bfQu\u00e9 es un emprendedor?<\/h2>\n<p>[\/et_pb_text][et_pb_text _builder_version=\u00bb4.27.3&#8243; _module_preset=\u00bbdefault\u00bb text_text_color=\u00bb#e2e2e2&#8243; scroll_horizontal_motion=\u00bb0|15|15|100|4|0|0&#8243; scroll_fade=\u00bb0|30|30|100|0|100|100&#8243; global_colors_info=\u00bb{}\u00bb theme_builder_area=\u00bbpost_content\u00bb]<\/p>\n<p>Un emprendedor es alguien que crea un nuevo negocio, disfrutando la mayor\u00eda de los beneficios pero tambi\u00e9n asumiendo la mayor\u00eda de los riesgos. Los emprendedores llevan nuevas ideas al mercado y, por lo tanto, desempe\u00f1an un papel clave en las econom\u00edas. <\/p>\n<p>[\/et_pb_text][et_pb_text module_id=\u00bbsports\u00bb _builder_version=\u00bb4.27.3&#8243; _module_preset=\u00bbdefault\u00bb header_text_color=\u00bb#e2e2e2&#8243; scroll_horizontal_motion=\u00bb0|15|15|100|4|0|0&#8243; scroll_fade=\u00bb0|30|30|100|0|100|100&#8243; hover_enabled=\u00bb0&#8243; global_colors_info=\u00bb{}\u00bb theme_builder_area=\u00bbpost_content\u00bb header_2_text_color=\u00bb#e2e2e2&#8243; sticky_enabled=\u00bb0&#8243;]<\/p>\n<h2>\u00bfHay caracter\u00edsticas comunes entre todos los emprendedores?<\/h2>\n<p>[\/et_pb_text][et_pb_text _builder_version=\u00bb4.27.3&#8243; _module_preset=\u00bbdefault\u00bb text_text_color=\u00bb#e2e2e2&#8243; scroll_horizontal_motion=\u00bb0|15|15|100|4|0|0&#8243; scroll_fade=\u00bb0|30|30|100|0|100|100&#8243; global_colors_info=\u00bb{}\u00bb theme_builder_area=\u00bbpost_content\u00bb]<\/p>\n<p>Aunque todos los emprendedores son diferentes, existen ciertos rasgos que suelen compartir la mayor\u00eda. Estos incluyen pasi\u00f3n por lo que hacen, confianza, capacidad para pensar de forma independiente, optimismo, ingenio, habilidades para resolver problemas, tenacidad y visi\u00f3n. Adem\u00e1s, los emprendedores tienden a ser personas orientadas a la acci\u00f3n, con la capacidad de superar dificultades y obst\u00e1culos.  <\/p>\n<p>[\/et_pb_text][\/et_pb_column][et_pb_column type=\u00bb2_5&#8243; _builder_version=\u00bb4.21.0&#8243; _module_preset=\u00bbdefault\u00bb global_colors_info=\u00bb{}\u00bb theme_builder_area=\u00bbpost_content\u00bb][et_pb_image src=\u00bbhttps:\/\/www.arifefendi.net\/wp-content\/uploads\/2024\/11\/Arif-Efendi-Entrepreneurs.jpg\u00bb alt=\u00bbArif Efendi Empresarios\u00bb title_text=\u00bbmt-sample-background\u00bb _builder_version=\u00bb4.27.3&#8243; _module_preset=\u00bbdefault\u00bb hover_enabled=\u00bb0&#8243; border_radii=\u00bbon|25px|25px|25px|25px\u00bb global_colors_info=\u00bb{}\u00bb theme_builder_area=\u00bbpost_content\u00bb sticky_enabled=\u00bb0&#8243;][\/et_pb_image][\/et_pb_column][\/et_pb_row][\/et_pb_section][et_pb_section fb_built=\u00bb1&#8243; _builder_version=\u00bb4.21.0&#8243; _module_preset=\u00bbdefault\u00bb background_color=\u00bb#e2e2e2&#8243; custom_padding=\u00bb100px||100px||true|false\u00bb global_colors_info=\u00bb{}\u00bb locked=\u00bboff\u00bb theme_builder_area=\u00bbpost_content\u00bb][et_pb_row _builder_version=\u00bb4.21.0&#8243; _module_preset=\u00bbdefault\u00bb global_colors_info=\u00bb{}\u00bb theme_builder_area=\u00bbpost_content\u00bb][et_pb_column type=\u00bb4_4&#8243; _builder_version=\u00bb4.21.0&#8243; _module_preset=\u00bbdefault\u00bb global_colors_info=\u00bb{}\u00bb theme_builder_area=\u00bbpost_content\u00bb][et_pb_text module_id=\u00bbai\u00bb _builder_version=\u00bb4.27.3&#8243; _module_preset=\u00bbdefault\u00bb header_2_text_color=\u00bb#000000&#8243; global_colors_info=\u00bb{}\u00bb theme_builder_area=\u00bbpost_content\u00bb]<\/p>\n<h2>\u00bfExisten diferentes tipos de emprendedores?<\/h2>\n<p>[\/et_pb_text][et_pb_text _builder_version=\u00bb4.21.0&#8243; _module_preset=\u00bbdefault\u00bb global_colors_info=\u00bb{}\u00bb theme_builder_area=\u00bbpost_content\u00bb]<\/p>\n<p>S\u00ed, hay varios tipos de emprendedores. Entre ellos est\u00e1n los constructores, que buscan crear negocios escalables en un corto per\u00edodo de tiempo; los oportunistas, los innovadores y los especialistas. Estos \u00faltimos suelen ser m\u00e1s aversos al riesgo y anal\u00edticos, con habilidades s\u00f3lidas en un \u00e1rea espec\u00edfica.  <\/p>\n<p>[\/et_pb_text][et_pb_text module_id=\u00bbai\u00bb _builder_version=\u00bb4.27.3&#8243; _module_preset=\u00bbdefault\u00bb header_2_text_color=\u00bb#000000&#8243; global_colors_info=\u00bb{}\u00bb theme_builder_area=\u00bbpost_content\u00bb]<\/p>\n<h2>\u00bfCu\u00e1les son los pasos clave para convertirse en un emprendedor exitoso?<\/h2>\n<p>[\/et_pb_text][et_pb_text _builder_version=\u00bb4.21.0&#8243; _module_preset=\u00bbdefault\u00bb global_colors_info=\u00bb{}\u00bb theme_builder_area=\u00bbpost_content\u00bb]<\/p>\n<p>Ser emprendedor requiere mucho trabajo. Implica varios pasos, como desarrollar de forma enfocada las caracter\u00edsticas emprendedoras, idear un concepto que las personas est\u00e9n dispuestas a pagar, crear un plan detallado para el \u00e9xito y mantener una dedicaci\u00f3n constante en la ejecuci\u00f3n de dicho plan. <\/p>\n<p>[\/et_pb_text][\/et_pb_column][\/et_pb_row][\/et_pb_section][et_pb_section fb_built=\u00bb1&#8243; _builder_version=\u00bb4.27.3&#8243; _module_preset=\u00bbdefault\u00bb background_color=\u00bb#000000&#8243; custom_padding=\u00bb100px||100px||true|false\u00bb global_colors_info=\u00bb{}\u00bb locked=\u00bboff\u00bb theme_builder_area=\u00bbpost_content\u00bb][et_pb_row _builder_version=\u00bb4.27.3&#8243; _module_preset=\u00bbdefault\u00bb hover_enabled=\u00bb0&#8243; global_colors_info=\u00bb{}\u00bb theme_builder_area=\u00bbpost_content\u00bb sticky_enabled=\u00bb0&#8243;][et_pb_column type=\u00bb4_4&#8243; _builder_version=\u00bb4.21.0&#8243; _module_preset=\u00bbdefault\u00bb global_colors_info=\u00bb{}\u00bb theme_builder_area=\u00bbpost_content\u00bb][et_pb_text module_id=\u00bbsports\u00bb _builder_version=\u00bb4.27.3&#8243; _module_preset=\u00bbdefault\u00bb header_text_color=\u00bb#e2e2e2&#8243; scroll_horizontal_motion=\u00bb0|15|15|100|4|0|0&#8243; scroll_fade=\u00bb0|30|30|100|0|100|100&#8243; hover_enabled=\u00bb0&#8243; global_colors_info=\u00bb{}\u00bb theme_builder_area=\u00bbpost_content\u00bb header_2_text_color=\u00bb#e2e2e2&#8243; sticky_enabled=\u00bb0&#8243;]<\/p>\n<h2>\u00bfQu\u00e9 es el emprendimiento social??<\/h2>\n<p>[\/et_pb_text][et_pb_text _builder_version=\u00bb4.27.3&#8243; _module_preset=\u00bbdefault\u00bb text_text_color=\u00bb#e2e2e2&#8243; scroll_horizontal_motion=\u00bb0|15|15|100|4|0|0&#8243; scroll_fade=\u00bb0|30|30|100|0|100|100&#8243; hover_enabled=\u00bb0&#8243; global_colors_info=\u00bb{}\u00bb theme_builder_area=\u00bbpost_content\u00bb sticky_enabled=\u00bb0&#8243;]<\/p>\n<p>El emprendimiento social consiste en generar un beneficio para la sociedad o la humanidad en general. Este tipo de negocio tiende a enfocarse en ayudar al medio ambiente o a las comunidades a trav\u00e9s de sus productos o servicios. En lugar de estar motivados por las ganancias, los emprendedores sociales se enfocan en contribuir al bienestar del mundo.  <\/p>\n<p>[\/et_pb_text][et_pb_text module_id=\u00bbsports\u00bb _builder_version=\u00bb4.27.3&#8243; _module_preset=\u00bbdefault\u00bb header_text_color=\u00bb#e2e2e2&#8243; scroll_horizontal_motion=\u00bb0|15|15|100|4|0|0&#8243; scroll_fade=\u00bb0|30|30|100|0|100|100&#8243; hover_enabled=\u00bb0&#8243; global_colors_info=\u00bb{}\u00bb theme_builder_area=\u00bbpost_content\u00bb header_2_text_color=\u00bb#e2e2e2&#8243; sticky_enabled=\u00bb0&#8243;]<\/p>\n<h2>\u00bfC\u00f3mo financian los emprendedores sus nuevos negocios?<\/h2>\n<p>[\/et_pb_text][et_pb_text _builder_version=\u00bb4.27.3&#8243; _module_preset=\u00bbdefault\u00bb text_text_color=\u00bb#e2e2e2&#8243; scroll_horizontal_motion=\u00bb0|15|15|100|4|0|0&#8243; scroll_fade=\u00bb0|30|30|100|0|100|100&#8243; hover_enabled=\u00bb0&#8243; global_colors_info=\u00bb{}\u00bb theme_builder_area=\u00bbpost_content\u00bb sticky_enabled=\u00bb0&#8243;]<\/p>\n<p>Muchos nuevos emprendedores financian sus negocios incipientes a trav\u00e9s del bootstrapping, es decir, usando m\u00e9todos como sus propios ahorros o minimizando inventarios. Otras fuentes de financiamiento incluyen inversores \u00e1ngeles, capitalistas de riesgo, crowdfunding y fondos de cobertura. <\/p>\n<p>[\/et_pb_text][\/et_pb_column][\/et_pb_row][\/et_pb_section][et_pb_section fb_built=\u00bb1&#8243; _builder_version=\u00bb4.21.0&#8243; _module_preset=\u00bbdefault\u00bb background_color=\u00bb#e2e2e2&#8243; custom_padding=\u00bb115px||115px||true|false\u00bb global_colors_info=\u00bb{}\u00bb locked=\u00bboff\u00bb theme_builder_area=\u00bbpost_content\u00bb][et_pb_row _builder_version=\u00bb4.27.3&#8243; _module_preset=\u00bbdefault\u00bb hover_enabled=\u00bb0&#8243; global_colors_info=\u00bb{}\u00bb column_structure=\u00bb3_5,2_5&#8243; theme_builder_area=\u00bbpost_content\u00bb sticky_enabled=\u00bb0&#8243;][et_pb_column type=\u00bb3_5&#8243; _builder_version=\u00bb4.21.0&#8243; _module_preset=\u00bbdefault\u00bb global_colors_info=\u00bb{}\u00bb theme_builder_area=\u00bbpost_content\u00bb][et_pb_text module_id=\u00bbai\u00bb _builder_version=\u00bb4.27.3&#8243; _module_preset=\u00bbdefault\u00bb header_2_text_color=\u00bb#000000&#8243; global_colors_info=\u00bb{}\u00bb theme_builder_area=\u00bbpost_content\u00bb]<\/p>\n<h2>\u00bfQu\u00e9 es un ecosistema emprendedor?<\/h2>\n<p>[\/et_pb_text][et_pb_text _builder_version=\u00bb4.21.0&#8243; _module_preset=\u00bbdefault\u00bb global_colors_info=\u00bb{}\u00bb theme_builder_area=\u00bbpost_content\u00bb]<\/p>\n<p>Un ejemplo de un ecosistema emprendedor bien desarrollado es Silicon Valley en California. Este lugar cuenta con un gran grupo de talento bien educado, una base s\u00f3lida de capital de riesgo y numerosos programas respaldados tanto por el gobierno como por entidades privadas, que promueven nuevas iniciativas y ofrecen apoyo e informaci\u00f3n a los emprendedores. <\/p>\n<p>[\/et_pb_text][et_pb_text module_id=\u00bbai\u00bb _builder_version=\u00bb4.27.3&#8243; _module_preset=\u00bbdefault\u00bb header_2_text_color=\u00bb#000000&#8243; global_colors_info=\u00bb{}\u00bb theme_builder_area=\u00bbpost_content\u00bb]<\/p>\n<h2>\u00bfPor qu\u00e9 es tan importante el emprendimiento?<\/h2>\n<p>[\/et_pb_text][et_pb_text _builder_version=\u00bb4.21.0&#8243; _module_preset=\u00bbdefault\u00bb global_colors_info=\u00bb{}\u00bb theme_builder_area=\u00bbpost_content\u00bb]<\/p>\n<p>El emprendimiento es ampliamente considerado como un motor importante del crecimiento econ\u00f3mico, ya que promueve la creaci\u00f3n de nuevos mercados, impulsa la innovaci\u00f3n y genera riqueza. Adem\u00e1s, los emprendedores pueden contribuir a la innovaci\u00f3n cultural y social, inspirando nuevas perspectivas y trayendo prosperidad a una regi\u00f3n. <\/p>\n<p>[\/et_pb_text][et_pb_button button_text=\u00bbBlog\u00bb _builder_version=\u00bb4.27.3&#8243; _module_preset=\u00bbdefault\u00bb theme_builder_area=\u00bbpost_content\u00bb hover_enabled=\u00bb0&#8243; sticky_enabled=\u00bb0&#8243;][\/et_pb_button][\/et_pb_column][et_pb_column type=\u00bb2_5&#8243; _builder_version=\u00bb4.21.0&#8243; _module_preset=\u00bbdefault\u00bb global_colors_info=\u00bb{}\u00bb theme_builder_area=\u00bbpost_content\u00bb][et_pb_image src=\u00bbhttps:\/\/www.arifefendi.net\/wp-content\/uploads\/2024\/11\/Arif-Efendi-Entrepreneurship.jpg\u00bb alt=\u00bbArif Efendi Iniciativa empresarial\u00bb title_text=\u00bbmt-sample-background\u00bb _builder_version=\u00bb4.27.3&#8243; _module_preset=\u00bbdefault\u00bb hover_enabled=\u00bb0&#8243; border_radii=\u00bbon|25px|25px|25px|25px\u00bb global_colors_info=\u00bb{}\u00bb theme_builder_area=\u00bbpost_content\u00bb sticky_enabled=\u00bb0&#8243;][\/et_pb_image][\/et_pb_column][\/et_pb_row][\/et_pb_section]<\/p>\n","protected":false},"excerpt":{"rendered":"<p>FAQ &#8211; Iniciativa empresarial\u00bfQu\u00e9 es un emprendedor?Un emprendedor es alguien que crea un nuevo negocio, disfrutando la mayor\u00eda de los beneficios pero tambi\u00e9n asumiendo la mayor\u00eda de los riesgos. Los emprendedores llevan nuevas ideas al mercado y, por lo tanto, desempe\u00f1an un papel clave en las econom\u00edas. \u00bfHay caracter\u00edsticas comunes entre todos los emprendedores?Aunque todos [&hellip;]<\/p>\n","protected":false},"author":1,"featured_media":0,"parent":0,"menu_order":0,"comment_status":"closed","ping_status":"closed","template":"","meta":{"_et_pb_use_builder":"on","_et_pb_old_content":"","_et_gb_content_width":"","footnotes":""},"class_list":["post-177","page","type-page","status-publish","hentry"],"yoast_head":"<!-- This site is optimized with the Yoast SEO plugin v27.5 - https:\/\/yoast.com\/product\/yoast-seo-wordpress\/ -->\n<title>Preguntas Frecuentes - Arif Efendi | Esp\u00edritu empresarial<\/title>\n<meta name=\"robots\" content=\"index, follow, max-snippet:-1, max-image-preview:large, max-video-preview:-1\" \/>\n<link rel=\"canonical\" href=\"https:\/\/www.arifefendi.net\/es\/preguntas-frecuentes\/\" \/>\n<meta property=\"og:locale\" content=\"es_ES\" \/>\n<meta property=\"og:type\" content=\"article\" \/>\n<meta property=\"og:title\" content=\"Preguntas Frecuentes - Arif Efendi | Esp\u00edritu empresarial\" \/>\n<meta property=\"og:description\" content=\"FAQ - Iniciativa empresarial\u00bfQu\u00e9 es un emprendedor?Un emprendedor es alguien que crea un nuevo negocio, disfrutando la mayor\u00eda de los beneficios pero tambi\u00e9n asumiendo la mayor\u00eda de los riesgos. Los emprendedores llevan nuevas ideas al mercado y, por lo tanto, desempe\u00f1an un papel clave en las econom\u00edas. \u00bfHay caracter\u00edsticas comunes entre todos los emprendedores?Aunque todos [&hellip;]\" \/>\n<meta property=\"og:url\" content=\"https:\/\/www.arifefendi.net\/es\/preguntas-frecuentes\/\" \/>\n<meta property=\"og:site_name\" content=\"Arif Efendi\" \/>\n<meta property=\"article:modified_time\" content=\"2025-01-31T12:33:43+00:00\" \/>\n<meta name=\"twitter:card\" content=\"summary_large_image\" \/>\n<meta name=\"twitter:label1\" content=\"Tiempo de lectura\" \/>\n\t<meta name=\"twitter:data1\" content=\"8 minutos\" \/>\n<script type=\"application\/ld+json\" class=\"yoast-schema-graph\">{\"@context\":\"https:\\\/\\\/schema.org\",\"@graph\":[{\"@type\":\"WebPage\",\"@id\":\"https:\\\/\\\/www.arifefendi.net\\\/es\\\/preguntas-frecuentes\\\/\",\"url\":\"https:\\\/\\\/www.arifefendi.net\\\/es\\\/preguntas-frecuentes\\\/\",\"name\":\"Preguntas Frecuentes - Arif Efendi | Esp\u00edritu empresarial\",\"isPartOf\":{\"@id\":\"https:\\\/\\\/www.arifefendi.net\\\/es\\\/#website\"},\"datePublished\":\"2024-11-13T15:14:00+00:00\",\"dateModified\":\"2025-01-31T12:33:43+00:00\",\"breadcrumb\":{\"@id\":\"https:\\\/\\\/www.arifefendi.net\\\/es\\\/preguntas-frecuentes\\\/#breadcrumb\"},\"inLanguage\":\"es\",\"potentialAction\":[{\"@type\":\"ReadAction\",\"target\":[\"https:\\\/\\\/www.arifefendi.net\\\/es\\\/preguntas-frecuentes\\\/\"]}]},{\"@type\":\"BreadcrumbList\",\"@id\":\"https:\\\/\\\/www.arifefendi.net\\\/es\\\/preguntas-frecuentes\\\/#breadcrumb\",\"itemListElement\":[{\"@type\":\"ListItem\",\"position\":1,\"name\":\"Home\",\"item\":\"https:\\\/\\\/www.arifefendi.net\\\/es\\\/inicio\\\/\"},{\"@type\":\"ListItem\",\"position\":2,\"name\":\"Preguntas Frecuentes\"}]},{\"@type\":\"WebSite\",\"@id\":\"https:\\\/\\\/www.arifefendi.net\\\/es\\\/#website\",\"url\":\"https:\\\/\\\/www.arifefendi.net\\\/es\\\/\",\"name\":\"Arif Efendi\",\"description\":\"This is the blog of Arif Efendi | Business Leader, Investor and Philanthropist\",\"potentialAction\":[{\"@type\":\"SearchAction\",\"target\":{\"@type\":\"EntryPoint\",\"urlTemplate\":\"https:\\\/\\\/www.arifefendi.net\\\/es\\\/?s={search_term_string}\"},\"query-input\":{\"@type\":\"PropertyValueSpecification\",\"valueRequired\":true,\"valueName\":\"search_term_string\"}}],\"inLanguage\":\"es\"}]}<\/script>\n<!-- \/ Yoast SEO plugin. -->","yoast_head_json":{"title":"Preguntas Frecuentes - Arif Efendi | Esp\u00edritu empresarial","robots":{"index":"index","follow":"follow","max-snippet":"max-snippet:-1","max-image-preview":"max-image-preview:large","max-video-preview":"max-video-preview:-1"},"canonical":"https:\/\/www.arifefendi.net\/es\/preguntas-frecuentes\/","og_locale":"es_ES","og_type":"article","og_title":"Preguntas Frecuentes - Arif Efendi | Esp\u00edritu empresarial","og_description":"FAQ - Iniciativa empresarial\u00bfQu\u00e9 es un emprendedor?Un emprendedor es alguien que crea un nuevo negocio, disfrutando la mayor\u00eda de los beneficios pero tambi\u00e9n asumiendo la mayor\u00eda de los riesgos. Los emprendedores llevan nuevas ideas al mercado y, por lo tanto, desempe\u00f1an un papel clave en las econom\u00edas. \u00bfHay caracter\u00edsticas comunes entre todos los emprendedores?Aunque todos [&hellip;]","og_url":"https:\/\/www.arifefendi.net\/es\/preguntas-frecuentes\/","og_site_name":"Arif Efendi","article_modified_time":"2025-01-31T12:33:43+00:00","twitter_card":"summary_large_image","twitter_misc":{"Tiempo de lectura":"8 minutos"},"schema":{"@context":"https:\/\/schema.org","@graph":[{"@type":"WebPage","@id":"https:\/\/www.arifefendi.net\/es\/preguntas-frecuentes\/","url":"https:\/\/www.arifefendi.net\/es\/preguntas-frecuentes\/","name":"Preguntas Frecuentes - Arif Efendi | Esp\u00edritu empresarial","isPartOf":{"@id":"https:\/\/www.arifefendi.net\/es\/#website"},"datePublished":"2024-11-13T15:14:00+00:00","dateModified":"2025-01-31T12:33:43+00:00","breadcrumb":{"@id":"https:\/\/www.arifefendi.net\/es\/preguntas-frecuentes\/#breadcrumb"},"inLanguage":"es","potentialAction":[{"@type":"ReadAction","target":["https:\/\/www.arifefendi.net\/es\/preguntas-frecuentes\/"]}]},{"@type":"BreadcrumbList","@id":"https:\/\/www.arifefendi.net\/es\/preguntas-frecuentes\/#breadcrumb","itemListElement":[{"@type":"ListItem","position":1,"name":"Home","item":"https:\/\/www.arifefendi.net\/es\/inicio\/"},{"@type":"ListItem","position":2,"name":"Preguntas Frecuentes"}]},{"@type":"WebSite","@id":"https:\/\/www.arifefendi.net\/es\/#website","url":"https:\/\/www.arifefendi.net\/es\/","name":"Arif Efendi","description":"This is the blog of Arif Efendi | Business Leader, Investor and Philanthropist","potentialAction":[{"@type":"SearchAction","target":{"@type":"EntryPoint","urlTemplate":"https:\/\/www.arifefendi.net\/es\/?s={search_term_string}"},"query-input":{"@type":"PropertyValueSpecification","valueRequired":true,"valueName":"search_term_string"}}],"inLanguage":"es"}]}},"_links":{"self":[{"href":"https:\/\/www.arifefendi.net\/es\/wp-json\/wp\/v2\/pages\/177","targetHints":{"allow":["GET"]}}],"collection":[{"href":"https:\/\/www.arifefendi.net\/es\/wp-json\/wp\/v2\/pages"}],"about":[{"href":"https:\/\/www.arifefendi.net\/es\/wp-json\/wp\/v2\/types\/page"}],"author":[{"embeddable":true,"href":"https:\/\/www.arifefendi.net\/es\/wp-json\/wp\/v2\/users\/1"}],"replies":[{"embeddable":true,"href":"https:\/\/www.arifefendi.net\/es\/wp-json\/wp\/v2\/comments?post=177"}],"version-history":[{"count":2,"href":"https:\/\/www.arifefendi.net\/es\/wp-json\/wp\/v2\/pages\/177\/revisions"}],"predecessor-version":[{"id":179,"href":"https:\/\/www.arifefendi.net\/es\/wp-json\/wp\/v2\/pages\/177\/revisions\/179"}],"wp:attachment":[{"href":"https:\/\/www.arifefendi.net\/es\/wp-json\/wp\/v2\/media?parent=177"}],"curies":[{"name":"wp","href":"https:\/\/api.w.org\/{rel}","templated":true}]}}